{"id":744,"date":"2024-09-06T10:43:22","date_gmt":"2024-09-06T10:43:22","guid":{"rendered":"http:\/\/indayinternational.com\/neden-turkiye\/"},"modified":"2024-11-23T11:31:47","modified_gmt":"2024-11-23T11:31:47","slug":"neden-turkiye","status":"publish","type":"page","link":"https:\/\/indayinternational.com\/tr\/neden-turkiye\/","title":{"rendered":"Neden T\u00fcrkiye ?"},"content":{"rendered":"\n<blockquote class=\"wp-block-quote is-layout-flow wp-block-quote-is-layout-flow\">\n<h3 class=\"wp-block-heading\">T\u00fcrkiye&#8217;de Sa\u011fl\u0131k Turizmi<\/h3>\n\n\n\n<p>Klinik alanda son zamanlarda ortaya \u00e7\u0131kan bir model, klinik veya sa\u011fl\u0131k turizminin b\u00fcy\u00fcmesidir. Bu, t\u0131bbi bak\u0131m ve di\u011fer sa\u011fl\u0131k hizmetlerinden yararlanmak i\u00e7in ba\u015fka bir \u00fclkeye gitmenin g\u00f6stergesidir.<\/p>\n<\/blockquote>\n\n<p>T\u00fcrkiye sa\u011fl\u0131k turizminde d\u00fcnyada \u00f6nc\u00fc \u00fclkelerden biri. Hastal\u0131klar\u0131n\u0131 tedavi etmek i\u00e7in her ge\u00e7en g\u00fcn daha fazla say\u0131da yabanc\u0131 hasta \u00fclkemize geliyor. Kamu otoritesi, seyahat sekt\u00f6r\u00fcnde etkili bir refah yarat\u0131yor, 2023 y\u0131l\u0131nda farkl\u0131 \u00fclkelerden 2 milyon hasta elde etmeyi ve 20 milyar dolardan fazla gelir elde etmeyi hedefliyor. <\/p>\n\n<p>Bu yolda b\u00fcy\u00fck kazan\u0131mlar elde edildi ve ge\u00e7ti\u011fimiz y\u0131l 1 milyondan fazla yabanc\u0131 hasta T\u00fcrkiye&#8217;deki klinikleri ziyaret etti. <\/p>\n\n<h3 class=\"wp-block-heading\">Sa\u011fl\u0131k turizminde T\u00fcrkiye neden tercih ediliyor?<\/h3>\n\n<p>Son teknolojiye sahip ila\u00e7lara sahip \u00fclkelerin \u00e7o\u011fu yabanc\u0131 hastalar i\u00e7in caziptir, ancak talep ettikleri maliyetler \u00e7o\u011fu zaman a\u015f\u0131r\u0131 y\u00fcksektir. T\u00fcrkiye&#8217;de Sa\u011fl\u0131k Turizmi bu anlamda \u00f6zel bir durumdur. Kom\u015fu \u00fclkelerdeki sa\u011fl\u0131k merkezleri y\u00fcksek masraflar sunuyor. Burada analitik de\u011ferlendirme ve tedavinin maliyeti ABD veya Bat\u0131 Avrupa&#8217;dakinden \u00e7ok daha d\u00fc\u015f\u00fckt\u00fcr, ancak uygulamalar\u0131n niteli\u011fi ayn\u0131 \u00f6nemli d\u00fczeyde kalmaktad\u0131r. Sa\u011fl\u0131k Bakanl\u0131\u011f\u0131&#8217;nca onaylanan acil servislerde tedavi g\u00f6ren yabanc\u0131 hastalar i\u00e7in KDV uygulamas\u0131, uygun maliyetlerle klinik seyahat edenleri \u00e7ekmek amac\u0131yla kamu otoritesi taraf\u0131ndan kald\u0131r\u0131ld\u0131.<\/p>\n\n<p>T\u00fcrkiye&#8217;nin co\u011frafi konumu, sahip oldu\u011fu y\u00f6netimlerin niteli\u011fi, co\u011frafi konumu, 3 ayr\u0131 k\u0131tada 1,5 milyar insana ev sahipli\u011fi yapmas\u0131 ve 4 saatlik u\u00e7u\u015f mesafesinde olmas\u0131, onu d\u00fcnyada sa\u011fl\u0131k turizminin parlayan y\u0131ld\u0131z\u0131 haline getirmektedir. S\u00fcrecin her a\u015famas\u0131nda ileri d\u00fczeyde uzmanl\u0131k, ki\u015fiye \u00f6zel tedavi planlar\u0131 ve \u015fefkatli bak\u0131m sunuyoruz. Bizi se\u00e7in ve sa\u011fl\u0131\u011f\u0131n sadece bir var\u0131\u015f noktas\u0131 de\u011fil, yan\u0131n\u0131zda g\u00fcvenilir arkada\u015flar\u0131n\u0131zla birlikte \u00e7\u0131kt\u0131\u011f\u0131n\u0131z canl\u0131 ve g\u00fc\u00e7lendirici bir yolculuk oldu\u011fu bir gelece\u011fi se\u00e7in.<\/p>\n","protected":false},"excerpt":{"rendered":"<p>Sa\u011fl\u0131k Turizminde Neden T\u00fcrkiye?<\/p>\n","protected":false},"author":1,"featured_media":0,"parent":0,"menu_order":0,"comment_status":"closed","ping_status":"closed","template":"templates\/why-turkiye.php","meta":{"footnotes":""},"class_list":["post-744","page","type-page","status-publish","hentry"],"meta_box":[],"_links":{"self":[{"href":"https:\/\/indayinternational.com\/tr\/wp-json\/wp\/v2\/pages\/744","targetHints":{"allow":["GET"]}}],"collection":[{"href":"https:\/\/indayinternational.com\/tr\/wp-json\/wp\/v2\/pages"}],"about":[{"href":"https:\/\/indayinternational.com\/tr\/wp-json\/wp\/v2\/types\/page"}],"author":[{"embeddable":true,"href":"https:\/\/indayinternational.com\/tr\/wp-json\/wp\/v2\/users\/1"}],"replies":[{"embeddable":true,"href":"https:\/\/indayinternational.com\/tr\/wp-json\/wp\/v2\/comments?post=744"}],"version-history":[{"count":1,"href":"https:\/\/indayinternational.com\/tr\/wp-json\/wp\/v2\/pages\/744\/revisions"}],"predecessor-version":[{"id":745,"href":"https:\/\/indayinternational.com\/tr\/wp-json\/wp\/v2\/pages\/744\/revisions\/745"}],"wp:attachment":[{"href":"https:\/\/indayinternational.com\/tr\/wp-json\/wp\/v2\/media?parent=744"}],"curies":[{"name":"wp","href":"https:\/\/api.w.org\/{rel}","templated":true}]}}