{"id":741,"date":"2024-09-06T10:42:45","date_gmt":"2024-09-06T10:42:45","guid":{"rendered":"http:\/\/indayinternational.com\/kisisel-verilerin-korunmasi\/"},"modified":"2024-09-06T10:42:45","modified_gmt":"2024-09-06T10:42:45","slug":"kisisel-verilerin-korunmasi","status":"publish","type":"page","link":"https:\/\/indayinternational.com\/tr\/kisisel-verilerin-korunmasi\/","title":{"rendered":"Ki\u015fisel Verilerin Korunmas\u0131"},"content":{"rendered":"","protected":false},"excerpt":{"rendered":"<p>Son g\u00fcncelleme 16 Ocak 2024<\/p>\n","protected":false},"author":1,"featured_media":0,"parent":0,"menu_order":0,"comment_status":"closed","ping_status":"closed","template":"","meta":{"footnotes":""},"class_list":["post-741","page","type-page","status-publish","hentry"],"meta_box":[],"_links":{"self":[{"href":"https:\/\/indayinternational.com\/tr\/wp-json\/wp\/v2\/pages\/741","targetHints":{"allow":["GET"]}}],"collection":[{"href":"https:\/\/indayinternational.com\/tr\/wp-json\/wp\/v2\/pages"}],"about":[{"href":"https:\/\/indayinternational.com\/tr\/wp-json\/wp\/v2\/types\/page"}],"author":[{"embeddable":true,"href":"https:\/\/indayinternational.com\/tr\/wp-json\/wp\/v2\/users\/1"}],"replies":[{"embeddable":true,"href":"https:\/\/indayinternational.com\/tr\/wp-json\/wp\/v2\/comments?post=741"}],"version-history":[{"count":0,"href":"https:\/\/indayinternational.com\/tr\/wp-json\/wp\/v2\/pages\/741\/revisions"}],"wp:attachment":[{"href":"https:\/\/indayinternational.com\/tr\/wp-json\/wp\/v2\/media?parent=741"}],"curies":[{"name":"wp","href":"https:\/\/api.w.org\/{rel}","templated":true}]}}