{"id":739,"date":"2024-09-06T10:45:56","date_gmt":"2024-09-06T10:45:56","guid":{"rendered":"http:\/\/indayinternational.com\/ucretsiz-vip-servis\/"},"modified":"2025-06-15T21:22:49","modified_gmt":"2025-06-15T21:22:49","slug":"vip-transfer","status":"publish","type":"page","link":"https:\/\/indayinternational.com\/tr\/vip-transfer\/","title":{"rendered":"VIP Transfer"},"content":{"rendered":"\n<blockquote class=\"wp-block-quote is-layout-flow wp-block-quote-is-layout-flow\">\n<p>Inday olarak <strong>konforlu bir deneyim<\/strong> sunmay\u0131 hedefliyoruz. Sa\u011fl\u0131k turizmi kapsam\u0131nda T\u00fcrkiye\u2019ye gelen t\u00fcm misafirlerimize \u00f6zel haz\u0131rlad\u0131\u011f\u0131m\u0131z <strong>VIP hizmetlerimiz<\/strong> ile kendinizi ayr\u0131cal\u0131kl\u0131 hissedeceksiniz.<\/p>\n\n\n\n<p>\u2708\ufe0f Havaalan\u0131 \u2013 Otel \u2013 Klinik aras\u0131 VIP transfer<br>\ud83c\udfe8 \u0130stanbul\u2019da 4 veya 5 y\u0131ld\u0131zl\u0131 otellerde konforlu konaklama<br>\ud83c\udf0d \u00c7ok dilli terc\u00fcman deste\u011fi<br>\ud83c\udf81 Ki\u015fiye \u00f6zel kar\u015f\u0131lama ve ihtiya\u00e7lara uygun programlama<\/p>\n\n\n\n<p>T\u00fcm detaylar\u0131 sizin yerinize planl\u0131yor, sadece iyile\u015fmeye odaklanman\u0131z\u0131 sa\u011fl\u0131yoruz.<\/p>\n\n\n\n<p>\ud83d\udcde Konforlu bir sa\u011fl\u0131k deneyimi i\u00e7in bize ula\u015f\u0131n \u2013 T\u00fcm s\u00fcre\u00e7 boyunca yan\u0131n\u0131zday\u0131z!<\/p>\n<\/blockquote>\n","protected":false},"excerpt":{"rendered":"<p>M\u00fc\u015fterilerimizi g\u00fcvenilir ko\u015fullarda kliniklerimize ula\u015ft\u0131r\u0131yoruz.<\/p>\n","protected":false},"author":1,"featured_media":0,"parent":0,"menu_order":0,"comment_status":"closed","ping_status":"closed","template":"templates\/free-vip-transfer.php","meta":{"footnotes":""},"class_list":["post-739","page","type-page","status-publish","hentry"],"meta_box":[],"_links":{"self":[{"href":"https:\/\/indayinternational.com\/tr\/wp-json\/wp\/v2\/pages\/739","targetHints":{"allow":["GET"]}}],"collection":[{"href":"https:\/\/indayinternational.com\/tr\/wp-json\/wp\/v2\/pages"}],"about":[{"href":"https:\/\/indayinternational.com\/tr\/wp-json\/wp\/v2\/types\/page"}],"author":[{"embeddable":true,"href":"https:\/\/indayinternational.com\/tr\/wp-json\/wp\/v2\/users\/1"}],"replies":[{"embeddable":true,"href":"https:\/\/indayinternational.com\/tr\/wp-json\/wp\/v2\/comments?post=739"}],"version-history":[{"count":6,"href":"https:\/\/indayinternational.com\/tr\/wp-json\/wp\/v2\/pages\/739\/revisions"}],"predecessor-version":[{"id":901,"href":"https:\/\/indayinternational.com\/tr\/wp-json\/wp\/v2\/pages\/739\/revisions\/901"}],"wp:attachment":[{"href":"https:\/\/indayinternational.com\/tr\/wp-json\/wp\/v2\/media?parent=739"}],"curies":[{"name":"wp","href":"https:\/\/api.w.org\/{rel}","templated":true}]}}