{"id":733,"date":"2024-09-06T10:42:59","date_gmt":"2024-09-06T10:42:59","guid":{"rendered":"http:\/\/indayinternational.com\/hakkimizda\/"},"modified":"2026-03-10T08:30:11","modified_gmt":"2026-03-10T08:30:11","slug":"hakkimizda","status":"publish","type":"page","link":"https:\/\/indayinternational.com\/tr\/hakkimizda\/","title":{"rendered":"Hakk\u0131m\u0131zda"},"content":{"rendered":"\n<blockquote class=\"wp-block-quote is-layout-flow wp-block-quote-is-layout-flow\">\n<p>Inday, Uluslararas\u0131 hastalar ile sa\u011fl\u0131k kurumlar\u0131n\u0131 bulu\u015fturan seyahat acentas\u0131d\u0131r. Yurt d\u0131\u015f\u0131ndan gelen misafirlerimiz i\u00e7in ki\u015fiye \u00f6zel sa\u011fl\u0131k hizmet deste\u011fi, u\u00e7u\u015f planlar\u0131, transfer, konaklama, T\u00fcrkiye\u2019nin k\u00fclt\u00fcrel ve do\u011fal zenginliklerini ke\u015ffetme f\u0131rsat\u0131 sunuyoruz.<br><br><\/p>\n<\/blockquote>\n\n\n\n<p><\/p>\n","protected":false},"excerpt":{"rendered":"<p>Sa\u011fl\u0131\u011f\u0131n\u0131za dair her \u015fey!<\/p>\n","protected":false},"author":1,"featured_media":0,"parent":0,"menu_order":0,"comment_status":"closed","ping_status":"closed","template":"templates\/about.php","meta":{"footnotes":""},"class_list":["post-733","page","type-page","status-publish","hentry"],"meta_box":[],"_links":{"self":[{"href":"https:\/\/indayinternational.com\/tr\/wp-json\/wp\/v2\/pages\/733","targetHints":{"allow":["GET"]}}],"collection":[{"href":"https:\/\/indayinternational.com\/tr\/wp-json\/wp\/v2\/pages"}],"about":[{"href":"https:\/\/indayinternational.com\/tr\/wp-json\/wp\/v2\/types\/page"}],"author":[{"embeddable":true,"href":"https:\/\/indayinternational.com\/tr\/wp-json\/wp\/v2\/users\/1"}],"replies":[{"embeddable":true,"href":"https:\/\/indayinternational.com\/tr\/wp-json\/wp\/v2\/comments?post=733"}],"version-history":[{"count":7,"href":"https:\/\/indayinternational.com\/tr\/wp-json\/wp\/v2\/pages\/733\/revisions"}],"predecessor-version":[{"id":963,"href":"https:\/\/indayinternational.com\/tr\/wp-json\/wp\/v2\/pages\/733\/revisions\/963"}],"wp:attachment":[{"href":"https:\/\/indayinternational.com\/tr\/wp-json\/wp\/v2\/media?parent=733"}],"curies":[{"name":"wp","href":"https:\/\/api.w.org\/{rel}","templated":true}]}}